{"id":85,"date":"2016-12-18T12:20:36","date_gmt":"2016-12-18T11:20:36","guid":{"rendered":"http:\/\/www.dewimperspecialist.nl\/web\/?page_id=85"},"modified":"2023-05-17T13:54:26","modified_gmt":"2023-05-17T11:54:26","slug":"algemene-voorwaarden","status":"publish","type":"page","link":"https:\/\/www.dewimperspecialist.nl\/web\/algemene-voorwaarden\/","title":{"rendered":"Algemene Voorwaarden"},"content":{"rendered":"\n<p><span style=\"text-decoration: underline;\"><strong><u>1.<\/u><\/strong> <strong>Algemeen<\/strong><\/span><\/p>\n\n\n\n<p>De Wimperspecialist staat ingeschreven bij de Kamer van Koophandel Eindhoven onder nummer: 50003046. Deze voorwaarden gelden voor iedere aanbieding, behandeling en transactie tussen De Wimperspecialist en een cli\u00ebnt waarop De Wimperspecialist deze voorwaarden van toepassing heeft verklaard, voor zover van deze voorwaarden niet door partijen uitdrukkelijk en schriftelijk is afgeweken.<\/p>\n\n\n\n<p><span style=\"text-decoration: underline;\"><strong><u>2.<\/u><\/strong> <strong>Inspanningen De Wimperspecialist<\/strong><\/span><br>De Wimperspecialist zal de behandelingen naar beste inzicht en vermogen uitvoeren. De Wimperspecialist zal zoveel als redelijkerwijs mogelijk is de cli\u00ebnt inlichten over financi\u00eble consequenties van de wijziging of aanvulling van de behandeling.<\/p>\n\n\n\n<p><span style=\"text-decoration: underline;\"><strong><u>3.<\/u><\/strong> <strong>Afspraken<\/strong><\/span> <\/p>\n\n\n\n<p>Behandeling is uitsluitend volgens afspraak.<\/p>\n\n\n\n<p>De cli\u00ebnt moet verhindering voor een afspraak zo spoedig mogelijk, maar uiterlijk 24 uur voorafgaande aan de afspraak aan De Wimperspecialist melden. Indien de cli\u00ebnt deze verplichting niet of niet tijdig nakomt, mag De Wimperspecialist het honorarium voor de afgesproken behandeling aan de cli\u00ebnt berekenen.<\/p>\n\n\n\n<p>Mocht je iets verlaat zijn neem dan zo snel mogelijk contact op. Ben je meer dan 10 minuten te laat dan heb je kans dat ik je afspraak moet verzetten. Dit heeft een prijsverschil tot gevolg.<\/p>\n\n\n\n<p>Bij het niet nakomen van een afspraak vervalt een eventuele vervolgafspraak. Wil je je volgende afspraak door laten gaan dan kan dit na het doen van een vooruitbetaling.<\/p>\n\n\n\n<p>Bij regelmatig te laat afbellen wordt voor een volgende afspraak een vooruitbetaling gevraagd.<\/p>\n\n\n\n<p>Roken of rookpauzes tijdens de behandeling zijn niet mogelijk. De ruimte is te beperkt om gezelschap mee te brengen. Minimumleeftijd voor de behandelingen is 16 jaar.<\/p>\n\n\n\n<p>Indien niet aan bovenstaande punten voldaan wordt kan de afspraak, zonder bericht vooraf,&nbsp;komen te vervallen.<\/p>\n\n\n\n<p>Jouw tijd is waardevol, die van mij is dat ook. Als je te laat bent op jouw afspraak, verlies je die tijd en is de behandeling dus korter.<\/p>\n\n\n\n<p>Ik reken op jouw begrip en een correcte afhandeling!<\/p>\n\n\n\n<p><span style=\"text-decoration: underline;\"><strong><u>4.<\/u><\/strong> <strong>Betaling<\/strong><\/span><br>De Wimperspecialist vermeldt alle prijzen van behandelingen en producten zichtbaar in de studio. De vermelde prijzen zijn inclusief BTW. De Wimperspecialist vermeldt prijswijzigingen 30 dagen voor de ingangsdatum duidelijk zichtbaar in de studio, betaling geschiedt via Tikkie of contant, pinbetaling is <strong>NIET<\/strong> mogelijk.<\/p>\n\n\n\n<p><strong><u>5. Persoonsgegevens &amp; privacy<\/u><\/strong><strong><u><\/u><\/strong><\/p>\n\n\n\n<p>De cli\u00ebnt voorziet De Wimperspecialist v\u00f3\u00f3r de eerste behandeling van alle gegevens, waarvan De Wimperspecialist aangeeft dat deze noodzakelijk zijn of waarvan de cli\u00ebnt redelijkerwijs behoort te begrijpen dat deze noodzakelijk zijn voor het zorgvuldig uitvoeren van de behandelingen. De Wimperspecialist neemt de persoonlijke gegevens van de cli\u00ebnt op in een geautomatiseerd systeem. De Wimperspecialist behandelt de vertrouwelijke gegevens van de cli\u00ebnt volgens de richtlijnen in de Wet Bescherming Persoonsgegevens. De Wimperspecialist zal gegevens van de cli\u00ebnt niet verkopen of verhuren aan derden zonder schriftelijke toestemming vooraf van de cli\u00ebnt.<\/p>\n\n\n\n<p><strong><u>6. Geheimhouding<\/u><\/strong><br>De Wimperspecialist is verplicht tot geheimhouding van alle vertrouwelijke informatie die de cli\u00ebnt heeft medegedeeld tijdens de behandeling. Informatie geldt als vertrouwelijk als dit door de cli\u00ebnt is medegedeeld of als dit voortvloeit uit de aard van de informatie. De geheimhouding vervalt indien, op grond van een wettelijke bepaling of een rechterlijke uitspraak, De Wimperspecialist verplicht is de vertrouwelijke informatie aan derden te verstrekken.<\/p>\n\n\n\n<p><strong><u>7. Aansprakelijkheid<\/u><\/strong><br>De Wimperspecialist is niet aansprakelijk voor schade, van welke aard ook, ontstaan doordat De Wimperspecialist is uitgegaan van door de cli\u00ebnt verstrekte onjuiste en\/of onvolledige informatie over relevante lichamelijke aandoeningen, medicijngebruik, werkzaamheden of vrijetijdsbesteding. De Wimperspecialist is niet aansprakelijk voor verlies, diefstal of beschadiging van persoonlijke eigendommen die de cli\u00ebnt heeft meegenomen naar de studio. Elke behandeling gebeurt op eigen risico. De Wimperspecialist neemt geen enkele verantwoordelijkheid voor behandelingen gedaan door derden voor, tijdens of na de behandeling bij De Wimperspecialist<\/p>\n\n\n\n<p><strong><u>8. Garantie<\/u><\/strong><br>De Wimperspecialist geeft de cli\u00ebnt 3 dagen garantie. Deze garantie vervalt indien:<\/p>\n\n\n\n<ul class=\"wp-block-list\">\n<li>De cli\u00ebnt de aanwijzingen betreffende de verzorging niet heeft opgevolgd.<\/li>\n\n\n\n<li>De cli\u00ebnt de producten niet volgens de gebruiksaanwijzing heeft gebruikt.<\/li>\n<\/ul>\n","protected":false},"excerpt":{"rendered":"<p>1. Algemeen De Wimperspecialist staat ingeschreven bij de Kamer van Koophandel Eindhoven onder nummer: 50003046. Deze voorwaarden gelden voor iedere aanbieding, behandeling en transactie tussen De Wimperspecialist en een cli\u00ebnt waarop De Wimperspecialist deze voorwaarden van toepassing heeft verklaard, voor zover van deze voorwaarden niet door partijen uitdrukkelijk en schriftelijk is afgeweken. 2. Inspanningen De &hellip; <\/p>\n<p class=\"link-more\"><a href=\"https:\/\/www.dewimperspecialist.nl\/web\/algemene-voorwaarden\/\" class=\"more-link\">Lees verder <span class=\"screen-reader-text\">&#8220;Algemene Voorwaarden&#8221;<\/span><\/a><\/p>\n","protected":false},"author":1,"featured_media":0,"parent":0,"menu_order":0,"comment_status":"closed","ping_status":"closed","template":"","meta":{"jetpack_post_was_ever_published":false,"_joinchat":[],"footnotes":"","_links_to":"","_links_to_target":""},"class_list":["post-85","page","type-page","status-publish","hentry"],"yoast_head":"<!-- This site is optimized with the Yoast SEO plugin v26.9 - https:\/\/yoast.com\/product\/yoast-seo-wordpress\/ -->\n<title>Algemene Voorwaarden - De Wimperspecialist voor Natuurlijk Mooie Wimpers<\/title>\n<meta name=\"description\" content=\"Algemene voorwaarden zijn o.a.: Bij het niet nakomen van een afspraak volgt geen verdere behandeling. De ruimte is te beperkt om gezelschap mee te brengen.\" \/>\n<meta name=\"robots\" content=\"index, follow, max-snippet:-1, max-image-preview:large, max-video-preview:-1\" \/>\n<link rel=\"canonical\" href=\"https:\/\/www.dewimperspecialist.nl\/web\/algemene-voorwaarden\/\" \/>\n<meta property=\"og:locale\" content=\"nl_NL\" \/>\n<meta property=\"og:type\" content=\"article\" \/>\n<meta property=\"og:title\" content=\"Algemene Voorwaarden - De Wimperspecialist voor Natuurlijk Mooie Wimpers\" \/>\n<meta property=\"og:description\" content=\"Algemene voorwaarden zijn o.a.: Bij het niet nakomen van een afspraak volgt geen verdere behandeling. De ruimte is te beperkt om gezelschap mee te brengen.\" \/>\n<meta property=\"og:url\" content=\"https:\/\/www.dewimperspecialist.nl\/web\/algemene-voorwaarden\/\" \/>\n<meta property=\"og:site_name\" content=\"De Wimperspecialist voor Natuurlijk Mooie Wimpers\" \/>\n<meta property=\"article:publisher\" content=\"https:\/\/www.facebook.com\/nora.dewimperspecialist\" \/>\n<meta property=\"article:modified_time\" content=\"2023-05-17T11:54:26+00:00\" \/>\n<meta name=\"twitter:card\" content=\"summary_large_image\" \/>\n<meta name=\"twitter:label1\" content=\"Geschatte leestijd\" \/>\n\t<meta name=\"twitter:data1\" content=\"4 minuten\" \/>\n<script type=\"application\/ld+json\" class=\"yoast-schema-graph\">{\"@context\":\"https:\/\/schema.org\",\"@graph\":[{\"@type\":\"WebPage\",\"@id\":\"https:\/\/www.dewimperspecialist.nl\/web\/algemene-voorwaarden\/\",\"url\":\"https:\/\/www.dewimperspecialist.nl\/web\/algemene-voorwaarden\/\",\"name\":\"Algemene Voorwaarden - De Wimperspecialist voor Natuurlijk Mooie Wimpers\",\"isPartOf\":{\"@id\":\"https:\/\/www.dewimperspecialist.nl\/web\/#website\"},\"datePublished\":\"2016-12-18T11:20:36+00:00\",\"dateModified\":\"2023-05-17T11:54:26+00:00\",\"description\":\"Algemene voorwaarden zijn o.a.: Bij het niet nakomen van een afspraak volgt geen verdere behandeling. De ruimte is te beperkt om gezelschap mee te brengen.\",\"breadcrumb\":{\"@id\":\"https:\/\/www.dewimperspecialist.nl\/web\/algemene-voorwaarden\/#breadcrumb\"},\"inLanguage\":\"nl-NL\",\"potentialAction\":[{\"@type\":\"ReadAction\",\"target\":[\"https:\/\/www.dewimperspecialist.nl\/web\/algemene-voorwaarden\/\"]}]},{\"@type\":\"BreadcrumbList\",\"@id\":\"https:\/\/www.dewimperspecialist.nl\/web\/algemene-voorwaarden\/#breadcrumb\",\"itemListElement\":[{\"@type\":\"ListItem\",\"position\":1,\"name\":\"Home\",\"item\":\"https:\/\/www.dewimperspecialist.nl\/web\/\"},{\"@type\":\"ListItem\",\"position\":2,\"name\":\"Algemene Voorwaarden\"}]},{\"@type\":\"WebSite\",\"@id\":\"https:\/\/www.dewimperspecialist.nl\/web\/#website\",\"url\":\"https:\/\/www.dewimperspecialist.nl\/web\/\",\"name\":\"De Wimperspecialist\",\"description\":\"Natuurlijk Mooie Wimpers\",\"publisher\":{\"@id\":\"https:\/\/www.dewimperspecialist.nl\/web\/#organization\"},\"potentialAction\":[{\"@type\":\"SearchAction\",\"target\":{\"@type\":\"EntryPoint\",\"urlTemplate\":\"https:\/\/www.dewimperspecialist.nl\/web\/?s={search_term_string}\"},\"query-input\":{\"@type\":\"PropertyValueSpecification\",\"valueRequired\":true,\"valueName\":\"search_term_string\"}}],\"inLanguage\":\"nl-NL\"},{\"@type\":\"Organization\",\"@id\":\"https:\/\/www.dewimperspecialist.nl\/web\/#organization\",\"name\":\"De Wimperspecialist\",\"url\":\"https:\/\/www.dewimperspecialist.nl\/web\/\",\"logo\":{\"@type\":\"ImageObject\",\"inLanguage\":\"nl-NL\",\"@id\":\"https:\/\/www.dewimperspecialist.nl\/web\/#\/schema\/logo\/image\/\",\"url\":\"https:\/\/i1.wp.com\/www.dewimperspecialist.nl\/web\/wp-content\/uploads\/2016\/12\/headerimg1.jpg?fit=1280%2C394&ssl=1\",\"contentUrl\":\"https:\/\/i1.wp.com\/www.dewimperspecialist.nl\/web\/wp-content\/uploads\/2016\/12\/headerimg1.jpg?fit=1280%2C394&ssl=1\",\"width\":1280,\"height\":394,\"caption\":\"De Wimperspecialist\"},\"image\":{\"@id\":\"https:\/\/www.dewimperspecialist.nl\/web\/#\/schema\/logo\/image\/\"},\"sameAs\":[\"https:\/\/www.facebook.com\/nora.dewimperspecialist\",\"https:\/\/www.instagram.com\/de_wimperspecialist\/\"]}]}<\/script>\n<!-- \/ Yoast SEO plugin. -->","yoast_head_json":{"title":"Algemene Voorwaarden - De Wimperspecialist voor Natuurlijk Mooie Wimpers","description":"Algemene voorwaarden zijn o.a.: Bij het niet nakomen van een afspraak volgt geen verdere behandeling. De ruimte is te beperkt om gezelschap mee te brengen.","robots":{"index":"index","follow":"follow","max-snippet":"max-snippet:-1","max-image-preview":"max-image-preview:large","max-video-preview":"max-video-preview:-1"},"canonical":"https:\/\/www.dewimperspecialist.nl\/web\/algemene-voorwaarden\/","og_locale":"nl_NL","og_type":"article","og_title":"Algemene Voorwaarden - De Wimperspecialist voor Natuurlijk Mooie Wimpers","og_description":"Algemene voorwaarden zijn o.a.: Bij het niet nakomen van een afspraak volgt geen verdere behandeling. De ruimte is te beperkt om gezelschap mee te brengen.","og_url":"https:\/\/www.dewimperspecialist.nl\/web\/algemene-voorwaarden\/","og_site_name":"De Wimperspecialist voor Natuurlijk Mooie Wimpers","article_publisher":"https:\/\/www.facebook.com\/nora.dewimperspecialist","article_modified_time":"2023-05-17T11:54:26+00:00","twitter_card":"summary_large_image","twitter_misc":{"Geschatte leestijd":"4 minuten"},"schema":{"@context":"https:\/\/schema.org","@graph":[{"@type":"WebPage","@id":"https:\/\/www.dewimperspecialist.nl\/web\/algemene-voorwaarden\/","url":"https:\/\/www.dewimperspecialist.nl\/web\/algemene-voorwaarden\/","name":"Algemene Voorwaarden - De Wimperspecialist voor Natuurlijk Mooie Wimpers","isPartOf":{"@id":"https:\/\/www.dewimperspecialist.nl\/web\/#website"},"datePublished":"2016-12-18T11:20:36+00:00","dateModified":"2023-05-17T11:54:26+00:00","description":"Algemene voorwaarden zijn o.a.: Bij het niet nakomen van een afspraak volgt geen verdere behandeling. De ruimte is te beperkt om gezelschap mee te brengen.","breadcrumb":{"@id":"https:\/\/www.dewimperspecialist.nl\/web\/algemene-voorwaarden\/#breadcrumb"},"inLanguage":"nl-NL","potentialAction":[{"@type":"ReadAction","target":["https:\/\/www.dewimperspecialist.nl\/web\/algemene-voorwaarden\/"]}]},{"@type":"BreadcrumbList","@id":"https:\/\/www.dewimperspecialist.nl\/web\/algemene-voorwaarden\/#breadcrumb","itemListElement":[{"@type":"ListItem","position":1,"name":"Home","item":"https:\/\/www.dewimperspecialist.nl\/web\/"},{"@type":"ListItem","position":2,"name":"Algemene Voorwaarden"}]},{"@type":"WebSite","@id":"https:\/\/www.dewimperspecialist.nl\/web\/#website","url":"https:\/\/www.dewimperspecialist.nl\/web\/","name":"De Wimperspecialist","description":"Natuurlijk Mooie Wimpers","publisher":{"@id":"https:\/\/www.dewimperspecialist.nl\/web\/#organization"},"potentialAction":[{"@type":"SearchAction","target":{"@type":"EntryPoint","urlTemplate":"https:\/\/www.dewimperspecialist.nl\/web\/?s={search_term_string}"},"query-input":{"@type":"PropertyValueSpecification","valueRequired":true,"valueName":"search_term_string"}}],"inLanguage":"nl-NL"},{"@type":"Organization","@id":"https:\/\/www.dewimperspecialist.nl\/web\/#organization","name":"De Wimperspecialist","url":"https:\/\/www.dewimperspecialist.nl\/web\/","logo":{"@type":"ImageObject","inLanguage":"nl-NL","@id":"https:\/\/www.dewimperspecialist.nl\/web\/#\/schema\/logo\/image\/","url":"https:\/\/i1.wp.com\/www.dewimperspecialist.nl\/web\/wp-content\/uploads\/2016\/12\/headerimg1.jpg?fit=1280%2C394&ssl=1","contentUrl":"https:\/\/i1.wp.com\/www.dewimperspecialist.nl\/web\/wp-content\/uploads\/2016\/12\/headerimg1.jpg?fit=1280%2C394&ssl=1","width":1280,"height":394,"caption":"De Wimperspecialist"},"image":{"@id":"https:\/\/www.dewimperspecialist.nl\/web\/#\/schema\/logo\/image\/"},"sameAs":["https:\/\/www.facebook.com\/nora.dewimperspecialist","https:\/\/www.instagram.com\/de_wimperspecialist\/"]}]}},"jetpack_sharing_enabled":true,"jetpack_shortlink":"https:\/\/wp.me\/P9pyrq-1n","jetpack-related-posts":[],"_links":{"self":[{"href":"https:\/\/www.dewimperspecialist.nl\/web\/wp-json\/wp\/v2\/pages\/85","targetHints":{"allow":["GET"]}}],"collection":[{"href":"https:\/\/www.dewimperspecialist.nl\/web\/wp-json\/wp\/v2\/pages"}],"about":[{"href":"https:\/\/www.dewimperspecialist.nl\/web\/wp-json\/wp\/v2\/types\/page"}],"author":[{"embeddable":true,"href":"https:\/\/www.dewimperspecialist.nl\/web\/wp-json\/wp\/v2\/users\/1"}],"replies":[{"embeddable":true,"href":"https:\/\/www.dewimperspecialist.nl\/web\/wp-json\/wp\/v2\/comments?post=85"}],"version-history":[{"count":14,"href":"https:\/\/www.dewimperspecialist.nl\/web\/wp-json\/wp\/v2\/pages\/85\/revisions"}],"predecessor-version":[{"id":1102,"href":"https:\/\/www.dewimperspecialist.nl\/web\/wp-json\/wp\/v2\/pages\/85\/revisions\/1102"}],"wp:attachment":[{"href":"https:\/\/www.dewimperspecialist.nl\/web\/wp-json\/wp\/v2\/media?parent=85"}],"curies":[{"name":"wp","href":"https:\/\/api.w.org\/{rel}","templated":true}]}}